{"id":912,"date":"2019-03-13T11:11:13","date_gmt":"2019-03-13T09:11:13","guid":{"rendered":"https:\/\/sibeliussinging.fi\/news\/"},"modified":"2025-04-27T09:19:08","modified_gmt":"2025-04-27T07:19:08","slug":"news","status":"publish","type":"page","link":"https:\/\/sibeliussinging.fi\/en\/news\/","title":{"rendered":"News"},"content":{"rendered":"<p><strong>Sibelius Singing 2025 prize winners have been selected!<\/strong><\/p>\n<p>&nbsp;<\/p>\n<p><span style=\"font-weight: 400;\">First prize:<\/span><\/p>\n<p><span style=\"font-weight: 400;\">Hanne Marit Mordal Iversen, sopraano, Norja<\/span><span style=\"font-weight: 400;\"><br \/>\n<\/span><span style=\"font-weight: 400;\">Revaz Abramia, piano, Georgia<\/span><\/p>\n<p>&nbsp;<\/p>\n<p><span style=\"font-weight: 400;\">Second prize:<\/span><\/p>\n<p><span style=\"font-weight: 400;\">C\u00e9line Ak\u00e7a\u01e7, mezzosopraano, Sveitsi<br \/>\n<\/span><span style=\"font-weight: 400;\">Rebeka Stojkoska, piano, Pohjois-Makedonia<\/span><\/p>\n<p>&nbsp;<\/p>\n<p><span style=\"font-weight: 400;\">Third prize:<\/span><\/p>\n<p><span style=\"font-weight: 400;\">Veikko Vallinoja, baritoni, Suomi<br \/>\n<\/span><span style=\"font-weight: 400;\">Jussi Littunen, piano, Suomi<\/span><\/p>\n<p>&nbsp;<\/p>\n<p><span style=\"font-weight: 400;\">Audience favourite:<\/span><\/p>\n<p><span style=\"font-weight: 400;\">Martina Neubauer, sopraano, It\u00e4valta<\/span><span style=\"font-weight: 400;\"><br \/>\n<\/span><span style=\"font-weight: 400;\">Alexander Koschka, piano, It\u00e4valta<\/span><\/p>\n<p>&nbsp;<\/p>\n<p><strong>Sibelius Singing 2025 finalists have been selected!<\/strong><\/p>\n<p>C\u00e9line Ak\u00e7a\u01e7, mezzo-soprano &amp; Rebeka Stojkoska, piano<\/p>\n<p>Ruusu-Maaria Brousseau, mezzo-soprano &amp; Joona Uusitalo, piano<\/p>\n<p>Arvid Eriksson, baritone &amp; Johannes Bolmvall, piano<\/p>\n<p>Hanne Marit Mordal Iversen, soprano &amp; Revaz Abramia, piano<\/p>\n<p>Mariya Medetova, soprano &amp; Johan Girardin, piano<\/p>\n<p>Martina Neubauer, soprano &amp; Alexander Koschka, piano<\/p>\n<p>Annemarie Pfahler, soprano &amp; Florian Albrecht, piano<\/p>\n<p>Mitch Raemaekers, tenor &amp; Virgile Van Essche, piano<\/p>\n<p>Benjamin Sattlecker, baritone &amp; Juliane Sophie Ritzmann, piano<\/p>\n<p>Veikko Vallinoja, baritone &amp; Jussi Littunen, piano<\/p>\n<p>&nbsp;<\/p>\n<p><strong>Competing duos for Sibelius Singing 2025 have been selected!<\/strong><\/p>\n<p>Ambro\u017cy Golachowski, tenor &amp; Wiktoria Kochman, piano<br \/>\nAnna Ginstr\u00f6m, soprano &amp; D\u00e1vid Szilasi, piano<br \/>\nAnnemarie Pfahler, soprano &amp; Florian Albrecht, piano<br \/>\nArvid Eriksson, baritone &amp; Johannes Bolmvall, piano<br \/>\nBenjamin Sattlecker, baritone &amp; Juliane Sophie Ritzmann, piano<br \/>\nC\u00e9line Ak\u00e7a\u01e7, mezzo-soprano &amp; Rebeka Stojkoska, piano<br \/>\nClarice Granado, soprano &amp; John Nalan, piano<br \/>\nEmma Hartikainen, soprano &amp; Tanja Niiranen, piano<br \/>\nErin Selin, soprano &amp; Martim Almeida, piano<br \/>\nFrieda Jolande Barck, soprano &amp; Nanami Nomura, piano<br \/>\nHanne Marit Mordal Iversen, soprano &amp; Revaz Abramia, piano<br \/>\nHeta Sammalisto, soprano &amp; Tatu Eskelinen, piano<br \/>\nIrina Nuutinen, mezzo-soprano &amp; Jyri Mishukov, piano<br \/>\nJohanna Takalo, coloratura soprano &amp; Laura Pulkka, piano<br \/>\nJ\u00falia P\u00e9rez Arquillo, soprano &amp; Saki Kono, piano<br \/>\nKatrin Helena Kuslap, soprano &amp; Hazel Friedman, piano<br \/>\nLuzia Ernst, mezzo-soprano &amp; Lucas Huber Sierra, piano<br \/>\nManca Kumar, soprano &amp; Joachim Besse, piano<br \/>\nMariya Madetova, soprano &amp; Johan Giradin, piano<br \/>\nMartin Lissel, baritone &amp; Ludvig Nilsson<br \/>\nMartina Neubauer, soprano &amp; Alexander Koschka, piano<br \/>\nMitch Raemaekers, tenor &amp; Virgile Van Essche, piano<br \/>\nMorgan Manifacier, tenor &amp; Corinne Penner, piano<br \/>\nNataliia Shumska, soprano &amp; Arianna Congedi, piano<br \/>\nRuusu-Maaria Brousseau, mezzo-soprano &amp; Joona Uusitalo, piano<br \/>\nRuut Eleonoora Karhula, mezzo-soprano &amp; Reetta J\u00e4r\u00e4, piano<br \/>\nSanna Iljin, soprano &amp; Aleksei Zaitsev, piano<br \/>\nSofie Garcia, soprano &amp; Paul Vacellier, piano<br \/>\nTeaa An, mezzo-soprano &amp; Sun Pil Kim, piano<br \/>\nTong Zhang mezzo-soprano &amp; Xiuyan Cui, piano<br \/>\nVeikko Vallinoja, baritone &amp; Jussi Littunen, piano<br \/>\nVirva Sepp\u00e4l\u00e4, soprano &amp; Milan Heiskanen, piano<br \/>\nWilhelm\u00edna T\u00f3masd\u00f3ttir, soprano &amp; Aino Heimonen, piano<br \/>\nWilma Kvamme, mezzo-soprano &amp; Felix Otto, piano<\/p>\n<p><strong>The competition organization will contact the selected participants by January 31, 2025.<\/strong><\/p>\n","protected":false},"excerpt":{"rendered":"<p>Sibelius Singing 2025 prize winners have been selected! &nbsp; First prize: Hanne Marit Mordal Iversen, sopraano, Norja Revaz Abramia, piano, Georgia &nbsp; Second prize: C\u00e9line Ak\u00e7a\u01e7, mezzosopraano, Sveitsi Rebeka Stojkoska, piano, Pohjois-Makedonia &nbsp; Third prize: Veikko Vallinoja, baritoni, Suomi Jussi Littunen, piano, Suomi &nbsp; Audience favourite: Martina Neubauer, sopraano, It\u00e4valta Alexander Koschka, piano, It\u00e4valta &nbsp; [&hellip;]<\/p>\n","protected":false},"author":15,"featured_media":849,"parent":0,"menu_order":0,"comment_status":"closed","ping_status":"closed","template":"","meta":{"ocean_post_layout":"","ocean_both_sidebars_style":"","ocean_both_sidebars_content_width":0,"ocean_both_sidebars_sidebars_width":0,"ocean_sidebar":"0","ocean_second_sidebar":"0","ocean_disable_margins":"enable","ocean_add_body_class":"","ocean_shortcode_before_top_bar":"","ocean_shortcode_after_top_bar":"","ocean_shortcode_before_header":"","ocean_shortcode_after_header":"","ocean_has_shortcode":"","ocean_shortcode_after_title":"","ocean_shortcode_before_footer_widgets":"","ocean_shortcode_after_footer_widgets":"","ocean_shortcode_before_footer_bottom":"","ocean_shortcode_after_footer_bottom":"","ocean_display_top_bar":"default","ocean_display_header":"default","ocean_header_style":"","ocean_center_header_left_menu":"0","ocean_custom_header_template":"0","ocean_custom_logo":0,"ocean_custom_retina_logo":0,"ocean_custom_logo_max_width":0,"ocean_custom_logo_tablet_max_width":0,"ocean_custom_logo_mobile_max_width":0,"ocean_custom_logo_max_height":0,"ocean_custom_logo_tablet_max_height":0,"ocean_custom_logo_mobile_max_height":0,"ocean_header_custom_menu":"0","ocean_menu_typo_font_family":"0","ocean_menu_typo_font_subset":"","ocean_menu_typo_font_size":0,"ocean_menu_typo_font_size_tablet":0,"ocean_menu_typo_font_size_mobile":0,"ocean_menu_typo_font_size_unit":"px","ocean_menu_typo_font_weight":"","ocean_menu_typo_font_weight_tablet":"","ocean_menu_typo_font_weight_mobile":"","ocean_menu_typo_transform":"","ocean_menu_typo_transform_tablet":"","ocean_menu_typo_transform_mobile":"","ocean_menu_typo_line_height":0,"ocean_menu_typo_line_height_tablet":0,"ocean_menu_typo_line_height_mobile":0,"ocean_menu_typo_line_height_unit":"","ocean_menu_typo_spacing":0,"ocean_menu_typo_spacing_tablet":0,"ocean_menu_typo_spacing_mobile":0,"ocean_menu_typo_spacing_unit":"","ocean_menu_link_color":"","ocean_menu_link_color_hover":"","ocean_menu_link_color_active":"","ocean_menu_link_background":"","ocean_menu_link_hover_background":"","ocean_menu_link_active_background":"","ocean_menu_social_links_bg":"","ocean_menu_social_hover_links_bg":"","ocean_menu_social_links_color":"","ocean_menu_social_hover_links_color":"","ocean_disable_title":"default","ocean_disable_heading":"default","ocean_post_title":"","ocean_post_subheading":"","ocean_post_title_style":"","ocean_post_title_background_color":"","ocean_post_title_background":0,"ocean_post_title_bg_image_position":"","ocean_post_title_bg_image_attachment":"","ocean_post_title_bg_image_repeat":"","ocean_post_title_bg_image_size":"","ocean_post_title_height":0,"ocean_post_title_bg_overlay":0.5,"ocean_post_title_bg_overlay_color":"","ocean_disable_breadcrumbs":"default","ocean_breadcrumbs_color":"","ocean_breadcrumbs_separator_color":"","ocean_breadcrumbs_links_color":"","ocean_breadcrumbs_links_hover_color":"","ocean_display_footer_widgets":"default","ocean_display_footer_bottom":"default","ocean_custom_footer_template":"0","osh_disable_topbar_sticky":"default","osh_disable_header_sticky":"default","osh_sticky_header_style":"default","osh_sticky_header_effect":"","osh_custom_sticky_logo":0,"osh_custom_retina_sticky_logo":0,"osh_custom_sticky_logo_height":0,"osh_background_color":"","osh_links_color":"","osh_links_hover_color":"","osh_links_active_color":"","osh_links_bg_color":"","osh_links_hover_bg_color":"","osh_links_active_bg_color":"","osh_menu_social_links_color":"","osh_menu_social_hover_links_color":"","footnotes":""},"class_list":["post-912","page","type-page","status-publish","has-post-thumbnail","hentry","entry","has-media"],"yoast_head":"<!-- This site is optimized with the Yoast SEO plugin v27.4 - https:\/\/yoast.com\/product\/yoast-seo-wordpress\/ -->\n<title>News - Sibelius Singing Competition<\/title>\n<meta name=\"robots\" content=\"index, follow, max-snippet:-1, max-image-preview:large, max-video-preview:-1\" \/>\n<link rel=\"canonical\" href=\"https:\/\/sibeliussinging.fi\/en\/news\/\" \/>\n<meta property=\"og:locale\" content=\"en_US\" \/>\n<meta property=\"og:type\" content=\"article\" \/>\n<meta property=\"og:title\" content=\"News - Sibelius Singing Competition\" \/>\n<meta property=\"og:description\" content=\"Sibelius Singing 2025 prize winners have been selected! &nbsp; First prize: Hanne Marit Mordal Iversen, sopraano, Norja Revaz Abramia, piano, Georgia &nbsp; Second prize: C\u00e9line Ak\u00e7a\u01e7, mezzosopraano, Sveitsi Rebeka Stojkoska, piano, Pohjois-Makedonia &nbsp; Third prize: Veikko Vallinoja, baritoni, Suomi Jussi Littunen, piano, Suomi &nbsp; Audience favourite: Martina Neubauer, sopraano, It\u00e4valta Alexander Koschka, piano, It\u00e4valta &nbsp; [&hellip;]\" \/>\n<meta property=\"og:url\" content=\"https:\/\/sibeliussinging.fi\/en\/news\/\" \/>\n<meta property=\"og:site_name\" content=\"Sibelius Singing Competition\" \/>\n<meta property=\"article:publisher\" content=\"https:\/\/www.facebook.com\/sibeliussinging\/\" \/>\n<meta property=\"article:modified_time\" content=\"2025-04-27T07:19:08+00:00\" \/>\n<meta property=\"og:image\" content=\"https:\/\/sibeliussinging.fi\/wp-content\/uploads\/2019\/03\/taputus-2048.jpg\" \/>\n\t<meta property=\"og:image:width\" content=\"2048\" \/>\n\t<meta property=\"og:image:height\" content=\"1139\" \/>\n\t<meta property=\"og:image:type\" content=\"image\/jpeg\" \/>\n<meta name=\"twitter:card\" content=\"summary_large_image\" \/>\n<meta name=\"twitter:label1\" content=\"Est. reading time\" \/>\n\t<meta name=\"twitter:data1\" content=\"3 minutes\" \/>\n<script type=\"application\/ld+json\" class=\"yoast-schema-graph\">{\"@context\":\"https:\\\/\\\/schema.org\",\"@graph\":[{\"@type\":\"WebPage\",\"@id\":\"https:\\\/\\\/sibeliussinging.fi\\\/en\\\/news\\\/\",\"url\":\"https:\\\/\\\/sibeliussinging.fi\\\/en\\\/news\\\/\",\"name\":\"News - Sibelius Singing Competition\",\"isPartOf\":{\"@id\":\"https:\\\/\\\/sibeliussinging.fi\\\/en\\\/#website\"},\"primaryImageOfPage\":{\"@id\":\"https:\\\/\\\/sibeliussinging.fi\\\/en\\\/news\\\/#primaryimage\"},\"image\":{\"@id\":\"https:\\\/\\\/sibeliussinging.fi\\\/en\\\/news\\\/#primaryimage\"},\"thumbnailUrl\":\"https:\\\/\\\/sibeliussinging.fi\\\/wp-content\\\/uploads\\\/2019\\\/03\\\/taputus-2048.jpg\",\"datePublished\":\"2019-03-13T09:11:13+00:00\",\"dateModified\":\"2025-04-27T07:19:08+00:00\",\"breadcrumb\":{\"@id\":\"https:\\\/\\\/sibeliussinging.fi\\\/en\\\/news\\\/#breadcrumb\"},\"inLanguage\":\"en-US\",\"potentialAction\":[{\"@type\":\"ReadAction\",\"target\":[\"https:\\\/\\\/sibeliussinging.fi\\\/en\\\/news\\\/\"]}]},{\"@type\":\"ImageObject\",\"inLanguage\":\"en-US\",\"@id\":\"https:\\\/\\\/sibeliussinging.fi\\\/en\\\/news\\\/#primaryimage\",\"url\":\"https:\\\/\\\/sibeliussinging.fi\\\/wp-content\\\/uploads\\\/2019\\\/03\\\/taputus-2048.jpg\",\"contentUrl\":\"https:\\\/\\\/sibeliussinging.fi\\\/wp-content\\\/uploads\\\/2019\\\/03\\\/taputus-2048.jpg\",\"width\":2048,\"height\":1139},{\"@type\":\"BreadcrumbList\",\"@id\":\"https:\\\/\\\/sibeliussinging.fi\\\/en\\\/news\\\/#breadcrumb\",\"itemListElement\":[{\"@type\":\"ListItem\",\"position\":1,\"name\":\"Home\",\"item\":\"https:\\\/\\\/sibeliussinging.fi\\\/en\\\/\"},{\"@type\":\"ListItem\",\"position\":2,\"name\":\"News\"}]},{\"@type\":\"WebSite\",\"@id\":\"https:\\\/\\\/sibeliussinging.fi\\\/en\\\/#website\",\"url\":\"https:\\\/\\\/sibeliussinging.fi\\\/en\\\/\",\"name\":\"Sibelius Singing Competition\",\"description\":\"International duo competition for singers and pianists\",\"publisher\":{\"@id\":\"https:\\\/\\\/sibeliussinging.fi\\\/en\\\/#organization\"},\"potentialAction\":[{\"@type\":\"SearchAction\",\"target\":{\"@type\":\"EntryPoint\",\"urlTemplate\":\"https:\\\/\\\/sibeliussinging.fi\\\/en\\\/?s={search_term_string}\"},\"query-input\":{\"@type\":\"PropertyValueSpecification\",\"valueRequired\":true,\"valueName\":\"search_term_string\"}}],\"inLanguage\":\"en-US\"},{\"@type\":\"Organization\",\"@id\":\"https:\\\/\\\/sibeliussinging.fi\\\/en\\\/#organization\",\"name\":\"Sibelius Singing Comptetition\",\"url\":\"https:\\\/\\\/sibeliussinging.fi\\\/en\\\/\",\"logo\":{\"@type\":\"ImageObject\",\"inLanguage\":\"en-US\",\"@id\":\"https:\\\/\\\/sibeliussinging.fi\\\/en\\\/#\\\/schema\\\/logo\\\/image\\\/\",\"url\":\"https:\\\/\\\/sibeliussinging.fi\\\/wp-content\\\/uploads\\\/2019\\\/03\\\/UUSIsibelius_logo_fb_sininen.jpg\",\"contentUrl\":\"https:\\\/\\\/sibeliussinging.fi\\\/wp-content\\\/uploads\\\/2019\\\/03\\\/UUSIsibelius_logo_fb_sininen.jpg\",\"width\":340,\"height\":340,\"caption\":\"Sibelius Singing Comptetition\"},\"image\":{\"@id\":\"https:\\\/\\\/sibeliussinging.fi\\\/en\\\/#\\\/schema\\\/logo\\\/image\\\/\"},\"sameAs\":[\"https:\\\/\\\/www.facebook.com\\\/sibeliussinging\\\/\"]}]}<\/script>\n<!-- \/ Yoast SEO plugin. -->","yoast_head_json":{"title":"News - Sibelius Singing Competition","robots":{"index":"index","follow":"follow","max-snippet":"max-snippet:-1","max-image-preview":"max-image-preview:large","max-video-preview":"max-video-preview:-1"},"canonical":"https:\/\/sibeliussinging.fi\/en\/news\/","og_locale":"en_US","og_type":"article","og_title":"News - Sibelius Singing Competition","og_description":"Sibelius Singing 2025 prize winners have been selected! &nbsp; First prize: Hanne Marit Mordal Iversen, sopraano, Norja Revaz Abramia, piano, Georgia &nbsp; Second prize: C\u00e9line Ak\u00e7a\u01e7, mezzosopraano, Sveitsi Rebeka Stojkoska, piano, Pohjois-Makedonia &nbsp; Third prize: Veikko Vallinoja, baritoni, Suomi Jussi Littunen, piano, Suomi &nbsp; Audience favourite: Martina Neubauer, sopraano, It\u00e4valta Alexander Koschka, piano, It\u00e4valta &nbsp; [&hellip;]","og_url":"https:\/\/sibeliussinging.fi\/en\/news\/","og_site_name":"Sibelius Singing Competition","article_publisher":"https:\/\/www.facebook.com\/sibeliussinging\/","article_modified_time":"2025-04-27T07:19:08+00:00","og_image":[{"width":2048,"height":1139,"url":"https:\/\/sibeliussinging.fi\/wp-content\/uploads\/2019\/03\/taputus-2048.jpg","type":"image\/jpeg"}],"twitter_card":"summary_large_image","twitter_misc":{"Est. reading time":"3 minutes"},"schema":{"@context":"https:\/\/schema.org","@graph":[{"@type":"WebPage","@id":"https:\/\/sibeliussinging.fi\/en\/news\/","url":"https:\/\/sibeliussinging.fi\/en\/news\/","name":"News - Sibelius Singing Competition","isPartOf":{"@id":"https:\/\/sibeliussinging.fi\/en\/#website"},"primaryImageOfPage":{"@id":"https:\/\/sibeliussinging.fi\/en\/news\/#primaryimage"},"image":{"@id":"https:\/\/sibeliussinging.fi\/en\/news\/#primaryimage"},"thumbnailUrl":"https:\/\/sibeliussinging.fi\/wp-content\/uploads\/2019\/03\/taputus-2048.jpg","datePublished":"2019-03-13T09:11:13+00:00","dateModified":"2025-04-27T07:19:08+00:00","breadcrumb":{"@id":"https:\/\/sibeliussinging.fi\/en\/news\/#breadcrumb"},"inLanguage":"en-US","potentialAction":[{"@type":"ReadAction","target":["https:\/\/sibeliussinging.fi\/en\/news\/"]}]},{"@type":"ImageObject","inLanguage":"en-US","@id":"https:\/\/sibeliussinging.fi\/en\/news\/#primaryimage","url":"https:\/\/sibeliussinging.fi\/wp-content\/uploads\/2019\/03\/taputus-2048.jpg","contentUrl":"https:\/\/sibeliussinging.fi\/wp-content\/uploads\/2019\/03\/taputus-2048.jpg","width":2048,"height":1139},{"@type":"BreadcrumbList","@id":"https:\/\/sibeliussinging.fi\/en\/news\/#breadcrumb","itemListElement":[{"@type":"ListItem","position":1,"name":"Home","item":"https:\/\/sibeliussinging.fi\/en\/"},{"@type":"ListItem","position":2,"name":"News"}]},{"@type":"WebSite","@id":"https:\/\/sibeliussinging.fi\/en\/#website","url":"https:\/\/sibeliussinging.fi\/en\/","name":"Sibelius Singing Competition","description":"International duo competition for singers and pianists","publisher":{"@id":"https:\/\/sibeliussinging.fi\/en\/#organization"},"potentialAction":[{"@type":"SearchAction","target":{"@type":"EntryPoint","urlTemplate":"https:\/\/sibeliussinging.fi\/en\/?s={search_term_string}"},"query-input":{"@type":"PropertyValueSpecification","valueRequired":true,"valueName":"search_term_string"}}],"inLanguage":"en-US"},{"@type":"Organization","@id":"https:\/\/sibeliussinging.fi\/en\/#organization","name":"Sibelius Singing Comptetition","url":"https:\/\/sibeliussinging.fi\/en\/","logo":{"@type":"ImageObject","inLanguage":"en-US","@id":"https:\/\/sibeliussinging.fi\/en\/#\/schema\/logo\/image\/","url":"https:\/\/sibeliussinging.fi\/wp-content\/uploads\/2019\/03\/UUSIsibelius_logo_fb_sininen.jpg","contentUrl":"https:\/\/sibeliussinging.fi\/wp-content\/uploads\/2019\/03\/UUSIsibelius_logo_fb_sininen.jpg","width":340,"height":340,"caption":"Sibelius Singing Comptetition"},"image":{"@id":"https:\/\/sibeliussinging.fi\/en\/#\/schema\/logo\/image\/"},"sameAs":["https:\/\/www.facebook.com\/sibeliussinging\/"]}]}},"_links":{"self":[{"href":"https:\/\/sibeliussinging.fi\/en\/wp-json\/wp\/v2\/pages\/912","targetHints":{"allow":["GET"]}}],"collection":[{"href":"https:\/\/sibeliussinging.fi\/en\/wp-json\/wp\/v2\/pages"}],"about":[{"href":"https:\/\/sibeliussinging.fi\/en\/wp-json\/wp\/v2\/types\/page"}],"author":[{"embeddable":true,"href":"https:\/\/sibeliussinging.fi\/en\/wp-json\/wp\/v2\/users\/15"}],"replies":[{"embeddable":true,"href":"https:\/\/sibeliussinging.fi\/en\/wp-json\/wp\/v2\/comments?post=912"}],"version-history":[{"count":10,"href":"https:\/\/sibeliussinging.fi\/en\/wp-json\/wp\/v2\/pages\/912\/revisions"}],"predecessor-version":[{"id":2308,"href":"https:\/\/sibeliussinging.fi\/en\/wp-json\/wp\/v2\/pages\/912\/revisions\/2308"}],"wp:featuredmedia":[{"embeddable":true,"href":"https:\/\/sibeliussinging.fi\/en\/wp-json\/wp\/v2\/media\/849"}],"wp:attachment":[{"href":"https:\/\/sibeliussinging.fi\/en\/wp-json\/wp\/v2\/media?parent=912"}],"curies":[{"name":"wp","href":"https:\/\/api.w.org\/{rel}","templated":true}]}}