{"id":911,"date":"2019-03-13T11:10:20","date_gmt":"2019-03-13T09:10:20","guid":{"rendered":"https:\/\/sibeliussinging.fi\/contact\/"},"modified":"2024-11-22T12:19:23","modified_gmt":"2024-11-22T10:19:23","slug":"contact","status":"publish","type":"page","link":"https:\/\/sibeliussinging.fi\/en\/contact\/","title":{"rendered":"Contact"},"content":{"rendered":"\t\t<div data-elementor-type=\"wp-page\" data-elementor-id=\"911\" class=\"elementor elementor-911 elementor-120\" data-elementor-post-type=\"page\">\n\t\t\t\t<div class=\"elementor-element elementor-element-12b0ca1c e-flex e-con-boxed e-con e-parent\" data-id=\"12b0ca1c\" data-element_type=\"container\" data-e-type=\"container\">\n\t\t\t\t\t<div class=\"e-con-inner\">\n\t\t\t\t<div class=\"elementor-element elementor-element-e174c9b elementor-widget elementor-widget-text-editor\" data-id=\"e174c9b\" data-element_type=\"widget\" data-e-type=\"widget\" data-widget_type=\"text-editor.default\">\n\t\t\t\t<div class=\"elementor-widget-container\">\n\t\t\t\t\t\t\t\t\t<div>\n<p><strong>info.sibeliussinging@gmail.com<\/strong><\/p>\n<img fetchpriority=\"high\" decoding=\"async\" class=\"alignnone size-medium wp-image-1962\" src=\"http:\/\/31.217.193.158\/~sibeliu1\/wp-content\/uploads\/2024\/11\/terhi1-255x300.jpg\" alt=\"\" width=\"300\" height=\"300\" \/>\n<p><strong>Terhi Luukkonen,<\/strong> Secretary General<br \/>\n+358 40 710 4368<\/p>\n<p><img decoding=\"async\" class=\"alignnone size-medium wp-image-1968\" src=\"http:\/\/31.217.193.158\/~sibeliu1\/wp-content\/uploads\/2024\/11\/miakari-1-e1732197007343-300x300.png\" alt=\"\" width=\"300\" height=\"300\" srcset=\"https:\/\/sibeliussinging.fi\/wp-content\/uploads\/2024\/11\/miakari-1-e1732197007343-300x300.png 300w, https:\/\/sibeliussinging.fi\/wp-content\/uploads\/2024\/11\/miakari-1-e1732197007343-150x150.png 150w, https:\/\/sibeliussinging.fi\/wp-content\/uploads\/2024\/11\/miakari-1-e1732197007343.png 475w\" sizes=\"(max-width: 300px) 100vw, 300px\" \/><strong>Mia Kari<\/strong>, Competition Chair<\/p>\n<img decoding=\"async\" class=\"alignnone size-medium wp-image-1957\" src=\"http:\/\/31.217.193.158\/~sibeliu1\/wp-content\/uploads\/2024\/11\/Kiku-240x300.jpeg\" alt=\"\" width=\"300\" height=\"300\" \/>\n<p><strong>Kiku K\u00e4m\u00e4l\u00e4inen,<\/strong> Production Assistant<\/p>\n<img loading=\"lazy\" decoding=\"async\" class=\"alignnone size-medium wp-image-1959\" src=\"http:\/\/31.217.193.158\/~sibeliu1\/wp-content\/uploads\/2024\/11\/Emmi-Salervo-241x300.jpeg\" alt=\"\" width=\"300\" height=\"300\" \/>\n<p><strong>Emmi Salervo,<\/strong> Information Assistant<\/p>\n<h2>Competition committee<\/h2>\n<p><strong>Mia Kari<\/strong>, Chair<br \/>\n<strong>Prof. Petteri Salomaa<\/strong>, Artistic Director<br \/>\n<strong>Terhi Luukkonen<\/strong>, Secretary General<br \/>\n<strong>Pirre Raijas<\/strong><br \/>\n<strong>Mikko Haapaniemi<\/strong><br \/>\n<strong>Heli Ahvenainen-Saaristo<\/strong><\/p>\n<\/div>\n<div><\/div>\n\t\t\t\t\t\t\t\t<\/div>\n\t\t\t\t<\/div>\n\t\t\t\t\t<\/div>\n\t\t\t\t<\/div>\n\t\t\t\t<\/div>\n\t\t","protected":false},"excerpt":{"rendered":"<p>info.sibeliussinging@gmail.com Terhi Luukkonen, Secretary General +358 40 710 4368 Mia Kari, Competition Chair Kiku K\u00e4m\u00e4l\u00e4inen, Production Assistant Emmi Salervo, Information Assistant Competition committee Mia Kari, Chair Prof. Petteri Salomaa, Artistic Director Terhi Luukkonen, Secretary General Pirre Raijas Mikko Haapaniemi Heli Ahvenainen-Saaristo<\/p>\n","protected":false},"author":15,"featured_media":842,"parent":0,"menu_order":0,"comment_status":"closed","ping_status":"closed","template":"","meta":{"ocean_post_layout":"","ocean_both_sidebars_style":"","ocean_both_sidebars_content_width":0,"ocean_both_sidebars_sidebars_width":0,"ocean_sidebar":"0","ocean_second_sidebar":"0","ocean_disable_margins":"enable","ocean_add_body_class":"","ocean_shortcode_before_top_bar":"","ocean_shortcode_after_top_bar":"","ocean_shortcode_before_header":"","ocean_shortcode_after_header":"","ocean_has_shortcode":"","ocean_shortcode_after_title":"","ocean_shortcode_before_footer_widgets":"","ocean_shortcode_after_footer_widgets":"","ocean_shortcode_before_footer_bottom":"","ocean_shortcode_after_footer_bottom":"","ocean_display_top_bar":"default","ocean_display_header":"default","ocean_header_style":"","ocean_center_header_left_menu":"0","ocean_custom_header_template":"0","ocean_custom_logo":0,"ocean_custom_retina_logo":0,"ocean_custom_logo_max_width":0,"ocean_custom_logo_tablet_max_width":0,"ocean_custom_logo_mobile_max_width":0,"ocean_custom_logo_max_height":0,"ocean_custom_logo_tablet_max_height":0,"ocean_custom_logo_mobile_max_height":0,"ocean_header_custom_menu":"0","ocean_menu_typo_font_family":"0","ocean_menu_typo_font_subset":"","ocean_menu_typo_font_size":0,"ocean_menu_typo_font_size_tablet":0,"ocean_menu_typo_font_size_mobile":0,"ocean_menu_typo_font_size_unit":"px","ocean_menu_typo_font_weight":"","ocean_menu_typo_font_weight_tablet":"","ocean_menu_typo_font_weight_mobile":"","ocean_menu_typo_transform":"","ocean_menu_typo_transform_tablet":"","ocean_menu_typo_transform_mobile":"","ocean_menu_typo_line_height":0,"ocean_menu_typo_line_height_tablet":0,"ocean_menu_typo_line_height_mobile":0,"ocean_menu_typo_line_height_unit":"","ocean_menu_typo_spacing":0,"ocean_menu_typo_spacing_tablet":0,"ocean_menu_typo_spacing_mobile":0,"ocean_menu_typo_spacing_unit":"","ocean_menu_link_color":"","ocean_menu_link_color_hover":"","ocean_menu_link_color_active":"","ocean_menu_link_background":"","ocean_menu_link_hover_background":"","ocean_menu_link_active_background":"","ocean_menu_social_links_bg":"","ocean_menu_social_hover_links_bg":"","ocean_menu_social_links_color":"","ocean_menu_social_hover_links_color":"","ocean_disable_title":"default","ocean_disable_heading":"default","ocean_post_title":"","ocean_post_subheading":"","ocean_post_title_style":"","ocean_post_title_background_color":"","ocean_post_title_background":0,"ocean_post_title_bg_image_position":"","ocean_post_title_bg_image_attachment":"","ocean_post_title_bg_image_repeat":"","ocean_post_title_bg_image_size":"","ocean_post_title_height":0,"ocean_post_title_bg_overlay":0.5,"ocean_post_title_bg_overlay_color":"","ocean_disable_breadcrumbs":"default","ocean_breadcrumbs_color":"","ocean_breadcrumbs_separator_color":"","ocean_breadcrumbs_links_color":"","ocean_breadcrumbs_links_hover_color":"","ocean_display_footer_widgets":"default","ocean_display_footer_bottom":"default","ocean_custom_footer_template":"0","osh_disable_topbar_sticky":"default","osh_disable_header_sticky":"default","osh_sticky_header_style":"default","osh_sticky_header_effect":"","osh_custom_sticky_logo":0,"osh_custom_retina_sticky_logo":0,"osh_custom_sticky_logo_height":0,"osh_background_color":"","osh_links_color":"","osh_links_hover_color":"","osh_links_active_color":"","osh_links_bg_color":"","osh_links_hover_bg_color":"","osh_links_active_bg_color":"","osh_menu_social_links_color":"","osh_menu_social_hover_links_color":"","footnotes":""},"class_list":["post-911","page","type-page","status-publish","has-post-thumbnail","hentry","entry","has-media"],"yoast_head":"<!-- This site is optimized with the Yoast SEO plugin v27.4 - https:\/\/yoast.com\/product\/yoast-seo-wordpress\/ -->\n<title>Contact - Sibelius Singing Competition<\/title>\n<meta name=\"robots\" content=\"index, follow, max-snippet:-1, max-image-preview:large, max-video-preview:-1\" \/>\n<link rel=\"canonical\" href=\"https:\/\/sibeliussinging.fi\/en\/contact\/\" \/>\n<meta property=\"og:locale\" content=\"en_US\" \/>\n<meta property=\"og:type\" content=\"article\" \/>\n<meta property=\"og:title\" content=\"Contact - Sibelius Singing Competition\" \/>\n<meta property=\"og:description\" content=\"info.sibeliussinging@gmail.com Terhi Luukkonen, Secretary General +358 40 710 4368 Mia Kari, Competition Chair Kiku K\u00e4m\u00e4l\u00e4inen, Production Assistant Emmi Salervo, Information Assistant Competition committee Mia Kari, Chair Prof. Petteri Salomaa, Artistic Director Terhi Luukkonen, Secretary General Pirre Raijas Mikko Haapaniemi Heli Ahvenainen-Saaristo\" \/>\n<meta property=\"og:url\" content=\"https:\/\/sibeliussinging.fi\/en\/contact\/\" \/>\n<meta property=\"og:site_name\" content=\"Sibelius Singing Competition\" \/>\n<meta property=\"article:publisher\" content=\"https:\/\/www.facebook.com\/sibeliussinging\/\" \/>\n<meta property=\"article:modified_time\" content=\"2024-11-22T10:19:23+00:00\" \/>\n<meta property=\"og:image\" content=\"https:\/\/sibeliussinging.fi\/wp-content\/uploads\/2019\/03\/jarvenpaa-2048.jpg\" \/>\n\t<meta property=\"og:image:width\" content=\"2048\" \/>\n\t<meta property=\"og:image:height\" content=\"1139\" \/>\n\t<meta property=\"og:image:type\" content=\"image\/jpeg\" \/>\n<meta name=\"twitter:card\" content=\"summary_large_image\" \/>\n<meta name=\"twitter:label1\" content=\"Est. reading time\" \/>\n\t<meta name=\"twitter:data1\" content=\"1 minute\" \/>\n<script type=\"application\/ld+json\" class=\"yoast-schema-graph\">{\"@context\":\"https:\\\/\\\/schema.org\",\"@graph\":[{\"@type\":\"WebPage\",\"@id\":\"https:\\\/\\\/sibeliussinging.fi\\\/en\\\/contact\\\/\",\"url\":\"https:\\\/\\\/sibeliussinging.fi\\\/en\\\/contact\\\/\",\"name\":\"Contact - Sibelius Singing Competition\",\"isPartOf\":{\"@id\":\"https:\\\/\\\/sibeliussinging.fi\\\/en\\\/#website\"},\"primaryImageOfPage\":{\"@id\":\"https:\\\/\\\/sibeliussinging.fi\\\/en\\\/contact\\\/#primaryimage\"},\"image\":{\"@id\":\"https:\\\/\\\/sibeliussinging.fi\\\/en\\\/contact\\\/#primaryimage\"},\"thumbnailUrl\":\"https:\\\/\\\/sibeliussinging.fi\\\/wp-content\\\/uploads\\\/2019\\\/03\\\/jarvenpaa-2048.jpg\",\"datePublished\":\"2019-03-13T09:10:20+00:00\",\"dateModified\":\"2024-11-22T10:19:23+00:00\",\"breadcrumb\":{\"@id\":\"https:\\\/\\\/sibeliussinging.fi\\\/en\\\/contact\\\/#breadcrumb\"},\"inLanguage\":\"en-US\",\"potentialAction\":[{\"@type\":\"ReadAction\",\"target\":[\"https:\\\/\\\/sibeliussinging.fi\\\/en\\\/contact\\\/\"]}]},{\"@type\":\"ImageObject\",\"inLanguage\":\"en-US\",\"@id\":\"https:\\\/\\\/sibeliussinging.fi\\\/en\\\/contact\\\/#primaryimage\",\"url\":\"https:\\\/\\\/sibeliussinging.fi\\\/wp-content\\\/uploads\\\/2019\\\/03\\\/jarvenpaa-2048.jpg\",\"contentUrl\":\"https:\\\/\\\/sibeliussinging.fi\\\/wp-content\\\/uploads\\\/2019\\\/03\\\/jarvenpaa-2048.jpg\",\"width\":2048,\"height\":1139},{\"@type\":\"BreadcrumbList\",\"@id\":\"https:\\\/\\\/sibeliussinging.fi\\\/en\\\/contact\\\/#breadcrumb\",\"itemListElement\":[{\"@type\":\"ListItem\",\"position\":1,\"name\":\"Home\",\"item\":\"https:\\\/\\\/sibeliussinging.fi\\\/en\\\/\"},{\"@type\":\"ListItem\",\"position\":2,\"name\":\"Contact\"}]},{\"@type\":\"WebSite\",\"@id\":\"https:\\\/\\\/sibeliussinging.fi\\\/en\\\/#website\",\"url\":\"https:\\\/\\\/sibeliussinging.fi\\\/en\\\/\",\"name\":\"Sibelius Singing Competition\",\"description\":\"International duo competition for singers and pianists\",\"publisher\":{\"@id\":\"https:\\\/\\\/sibeliussinging.fi\\\/en\\\/#organization\"},\"potentialAction\":[{\"@type\":\"SearchAction\",\"target\":{\"@type\":\"EntryPoint\",\"urlTemplate\":\"https:\\\/\\\/sibeliussinging.fi\\\/en\\\/?s={search_term_string}\"},\"query-input\":{\"@type\":\"PropertyValueSpecification\",\"valueRequired\":true,\"valueName\":\"search_term_string\"}}],\"inLanguage\":\"en-US\"},{\"@type\":\"Organization\",\"@id\":\"https:\\\/\\\/sibeliussinging.fi\\\/en\\\/#organization\",\"name\":\"Sibelius Singing Comptetition\",\"url\":\"https:\\\/\\\/sibeliussinging.fi\\\/en\\\/\",\"logo\":{\"@type\":\"ImageObject\",\"inLanguage\":\"en-US\",\"@id\":\"https:\\\/\\\/sibeliussinging.fi\\\/en\\\/#\\\/schema\\\/logo\\\/image\\\/\",\"url\":\"https:\\\/\\\/sibeliussinging.fi\\\/wp-content\\\/uploads\\\/2019\\\/03\\\/UUSIsibelius_logo_fb_sininen.jpg\",\"contentUrl\":\"https:\\\/\\\/sibeliussinging.fi\\\/wp-content\\\/uploads\\\/2019\\\/03\\\/UUSIsibelius_logo_fb_sininen.jpg\",\"width\":340,\"height\":340,\"caption\":\"Sibelius Singing Comptetition\"},\"image\":{\"@id\":\"https:\\\/\\\/sibeliussinging.fi\\\/en\\\/#\\\/schema\\\/logo\\\/image\\\/\"},\"sameAs\":[\"https:\\\/\\\/www.facebook.com\\\/sibeliussinging\\\/\"]}]}<\/script>\n<!-- \/ Yoast SEO plugin. -->","yoast_head_json":{"title":"Contact - Sibelius Singing Competition","robots":{"index":"index","follow":"follow","max-snippet":"max-snippet:-1","max-image-preview":"max-image-preview:large","max-video-preview":"max-video-preview:-1"},"canonical":"https:\/\/sibeliussinging.fi\/en\/contact\/","og_locale":"en_US","og_type":"article","og_title":"Contact - Sibelius Singing Competition","og_description":"info.sibeliussinging@gmail.com Terhi Luukkonen, Secretary General +358 40 710 4368 Mia Kari, Competition Chair Kiku K\u00e4m\u00e4l\u00e4inen, Production Assistant Emmi Salervo, Information Assistant Competition committee Mia Kari, Chair Prof. Petteri Salomaa, Artistic Director Terhi Luukkonen, Secretary General Pirre Raijas Mikko Haapaniemi Heli Ahvenainen-Saaristo","og_url":"https:\/\/sibeliussinging.fi\/en\/contact\/","og_site_name":"Sibelius Singing Competition","article_publisher":"https:\/\/www.facebook.com\/sibeliussinging\/","article_modified_time":"2024-11-22T10:19:23+00:00","og_image":[{"width":2048,"height":1139,"url":"https:\/\/sibeliussinging.fi\/wp-content\/uploads\/2019\/03\/jarvenpaa-2048.jpg","type":"image\/jpeg"}],"twitter_card":"summary_large_image","twitter_misc":{"Est. reading time":"1 minute"},"schema":{"@context":"https:\/\/schema.org","@graph":[{"@type":"WebPage","@id":"https:\/\/sibeliussinging.fi\/en\/contact\/","url":"https:\/\/sibeliussinging.fi\/en\/contact\/","name":"Contact - Sibelius Singing Competition","isPartOf":{"@id":"https:\/\/sibeliussinging.fi\/en\/#website"},"primaryImageOfPage":{"@id":"https:\/\/sibeliussinging.fi\/en\/contact\/#primaryimage"},"image":{"@id":"https:\/\/sibeliussinging.fi\/en\/contact\/#primaryimage"},"thumbnailUrl":"https:\/\/sibeliussinging.fi\/wp-content\/uploads\/2019\/03\/jarvenpaa-2048.jpg","datePublished":"2019-03-13T09:10:20+00:00","dateModified":"2024-11-22T10:19:23+00:00","breadcrumb":{"@id":"https:\/\/sibeliussinging.fi\/en\/contact\/#breadcrumb"},"inLanguage":"en-US","potentialAction":[{"@type":"ReadAction","target":["https:\/\/sibeliussinging.fi\/en\/contact\/"]}]},{"@type":"ImageObject","inLanguage":"en-US","@id":"https:\/\/sibeliussinging.fi\/en\/contact\/#primaryimage","url":"https:\/\/sibeliussinging.fi\/wp-content\/uploads\/2019\/03\/jarvenpaa-2048.jpg","contentUrl":"https:\/\/sibeliussinging.fi\/wp-content\/uploads\/2019\/03\/jarvenpaa-2048.jpg","width":2048,"height":1139},{"@type":"BreadcrumbList","@id":"https:\/\/sibeliussinging.fi\/en\/contact\/#breadcrumb","itemListElement":[{"@type":"ListItem","position":1,"name":"Home","item":"https:\/\/sibeliussinging.fi\/en\/"},{"@type":"ListItem","position":2,"name":"Contact"}]},{"@type":"WebSite","@id":"https:\/\/sibeliussinging.fi\/en\/#website","url":"https:\/\/sibeliussinging.fi\/en\/","name":"Sibelius Singing Competition","description":"International duo competition for singers and pianists","publisher":{"@id":"https:\/\/sibeliussinging.fi\/en\/#organization"},"potentialAction":[{"@type":"SearchAction","target":{"@type":"EntryPoint","urlTemplate":"https:\/\/sibeliussinging.fi\/en\/?s={search_term_string}"},"query-input":{"@type":"PropertyValueSpecification","valueRequired":true,"valueName":"search_term_string"}}],"inLanguage":"en-US"},{"@type":"Organization","@id":"https:\/\/sibeliussinging.fi\/en\/#organization","name":"Sibelius Singing Comptetition","url":"https:\/\/sibeliussinging.fi\/en\/","logo":{"@type":"ImageObject","inLanguage":"en-US","@id":"https:\/\/sibeliussinging.fi\/en\/#\/schema\/logo\/image\/","url":"https:\/\/sibeliussinging.fi\/wp-content\/uploads\/2019\/03\/UUSIsibelius_logo_fb_sininen.jpg","contentUrl":"https:\/\/sibeliussinging.fi\/wp-content\/uploads\/2019\/03\/UUSIsibelius_logo_fb_sininen.jpg","width":340,"height":340,"caption":"Sibelius Singing Comptetition"},"image":{"@id":"https:\/\/sibeliussinging.fi\/en\/#\/schema\/logo\/image\/"},"sameAs":["https:\/\/www.facebook.com\/sibeliussinging\/"]}]}},"_links":{"self":[{"href":"https:\/\/sibeliussinging.fi\/en\/wp-json\/wp\/v2\/pages\/911","targetHints":{"allow":["GET"]}}],"collection":[{"href":"https:\/\/sibeliussinging.fi\/en\/wp-json\/wp\/v2\/pages"}],"about":[{"href":"https:\/\/sibeliussinging.fi\/en\/wp-json\/wp\/v2\/types\/page"}],"author":[{"embeddable":true,"href":"https:\/\/sibeliussinging.fi\/en\/wp-json\/wp\/v2\/users\/15"}],"replies":[{"embeddable":true,"href":"https:\/\/sibeliussinging.fi\/en\/wp-json\/wp\/v2\/comments?post=911"}],"version-history":[{"count":68,"href":"https:\/\/sibeliussinging.fi\/en\/wp-json\/wp\/v2\/pages\/911\/revisions"}],"predecessor-version":[{"id":2020,"href":"https:\/\/sibeliussinging.fi\/en\/wp-json\/wp\/v2\/pages\/911\/revisions\/2020"}],"wp:featuredmedia":[{"embeddable":true,"href":"https:\/\/sibeliussinging.fi\/en\/wp-json\/wp\/v2\/media\/842"}],"wp:attachment":[{"href":"https:\/\/sibeliussinging.fi\/en\/wp-json\/wp\/v2\/media?parent=911"}],"curies":[{"name":"wp","href":"https:\/\/api.w.org\/{rel}","templated":true}]}}